{"id":2622,"date":"2020-11-14T18:29:14","date_gmt":"2020-11-14T17:29:14","guid":{"rendered":"http:\/\/www.lesagronautes.org\/?page_id=2622"},"modified":"2026-02-12T19:09:23","modified_gmt":"2026-02-12T18:09:23","slug":"agroforestwallabytour","status":"publish","type":"page","link":"https:\/\/www.lesagronautes.org\/index.php\/agroforestwallabytour\/","title":{"rendered":"AgroForestWallabyTour"},"content":{"rendered":"\t\t<div data-elementor-type=\"wp-page\" data-elementor-id=\"2622\" class=\"elementor elementor-2622\">\n\t\t\t\t\t\t<section class=\"elementor-section elementor-top-section elementor-element elementor-element-10e22904 elementor-section-boxed elementor-section-height-default elementor-section-height-default\" data-id=\"10e22904\" data-element_type=\"section\">\n\t\t\t\t\t\t<div class=\"elementor-container elementor-column-gap-default\">\n\t\t\t\t\t<div class=\"elementor-column elementor-col-100 elementor-top-column elementor-element elementor-element-1502cd2d\" data-id=\"1502cd2d\" data-element_type=\"column\">\n\t\t\t<div class=\"elementor-widget-wrap elementor-element-populated\">\n\t\t\t\t\t\t<div class=\"elementor-element elementor-element-1e0d0d7f elementor-widget elementor-widget-text-editor\" data-id=\"1e0d0d7f\" data-element_type=\"widget\" data-widget_type=\"text-editor.default\">\n\t\t\t\t<div class=\"elementor-widget-container\">\n\t\t\t\t\t\t\t<!-- wp:ultimate-post\/post-grid-2 {\"blockId\":\"630906\",\"queryCat\":\"[\\u0022agroforestwallabytour-par-nicolas-et-lucie\\u0022]\",\"contentAlign\":\"center\",\"columns\":{\"lg\":\"3\"},\"columnGridGap\":{\"lg\":\"15\",\"unit\":\"px\"},\"overlayHeight\":{\"lg\":\"326\",\"unit\":\"px\"},\"paginationShow\":true,\"overlayContentPosition\":\"middlePosition\",\"overlayBgColor\":{\"openColor\":1,\"type\":\"color\",\"color\":\"\",\"gradient\":{\"color1\":\"#16d03e\",\"color2\":\"#1f91f3\",\"type\":\"linear\",\"direction\":\"90\",\"start\":5,\"stop\":80,\"radial\":\"center\",\"clip\":false},\"clip\":false},\"overlayWrapPadding\":{\"lg\":{\"top\":\"30\",\"bottom\":\"30\",\"left\":\"30\",\"right\":\"30\",\"unit\":\"px\"}},\"headingText\":\"Nos articles\",\"headingStyle\":\"style5\",\"headingTypo\":{\"openTypography\":1,\"size\":{\"lg\":\"16\",\"unit\":\"px\"},\"height\":{\"lg\":\"\",\"unit\":\"px\"},\"decoration\":\"none\",\"transform\":\"uppercase\",\"family\":\"Comfortaa\",\"weight\":\"700\",\"type\":\"cursive\"},\"headingColor\":\"rgba(43,43,43,1)\",\"headingBorderBottomColor\":\"rgba(88,206,16,1)\",\"headingBg\":\"rgba(238,238,238,1)\",\"headingBorder\":\"4\",\"headingPadding\":{\"lg\":{\"top\":\"11\",\"unit\":\"px\",\"bottom\":\"10\",\"right\":\"20\",\"left\":\"20\"},\"unit\":\"px\"},\"titleColor\":\"rgba(255,255,255,1)\",\"titleHoverColor\":\"rgba(255,255,255,0.82)\",\"titleTypo\":{\"openTypography\":1,\"size\":{\"lg\":\"20\",\"unit\":\"px\"},\"height\":{\"lg\":\"26\",\"unit\":\"px\"},\"decoration\":\"none\",\"family\":\"Roboto Condensed\",\"weight\":\"600\",\"type\":\"sans-serif\"},\"catTypo\":{\"openTypography\":1,\"size\":{\"lg\":11,\"unit\":\"px\"},\"height\":{\"lg\":15,\"unit\":\"px\"},\"spacing\":{\"lg\":1,\"unit\":\"px\"},\"transform\":\"uppercase\",\"weight\":\"400\",\"decoration\":\"none\",\"family\":\"Comfortaa\",\"type\":\"cursive\"},\"catBgColor\":{\"openColor\":1,\"type\":\"color\",\"color\":\"rgba(63,166,0,1)\",\"gradient\":{\"color1\":\"#16d03e\",\"color2\":\"#1f91f3\",\"type\":\"linear\",\"direction\":\"90\",\"start\":5,\"stop\":80,\"radial\":\"center\",\"clip\":false},\"clip\":false},\"catBorder\":{\"width\":{\"top\":1,\"right\":1,\"bottom\":1,\"left\":1},\"type\":\"solid\",\"color\":\"rgba(0,161,214,0)\",\"openBorder\":1},\"catHoverColor\":\"rgba(255,255,255,1)\",\"catBgHoverColor\":{\"openColor\":1,\"type\":\"color\",\"color\":\"rgba(88,206,16,1)\"},\"catSacing\":{\"lg\":{\"top\":\"\",\"bottom\":5,\"left\":\"\",\"right\":\"0\",\"unit\":\"px\"}},\"catPadding\":{\"lg\":{\"top\":\"5\",\"bottom\":\"4\",\"left\":\"10\",\"right\":\"10\",\"unit\":\"px\"}},\"metaPosition\":\"bottom\",\"metaSeparator\":\"emptyspace\",\"metaTypo\":{\"openTypography\":1,\"size\":{\"lg\":12,\"unit\":\"px\"},\"height\":{\"lg\":20,\"unit\":\"px\"},\"decoration\":\"none\",\"family\":\"Comfortaa\",\"type\":\"cursive\"},\"metaBorder\":{\"width\":{\"top\":1,\"right\":\"0\",\"bottom\":\"0\",\"left\":\"0\"},\"type\":\"groove\",\"color\":\"rgba(255,255,255,0.4)\",\"openBorder\":0},\"metaMargin\":{\"lg\":{\"top\":\"10\",\"bottom\":\"0\",\"left\":\"\",\"right\":\"\",\"unit\":\"px\"}},\"metaPadding\":{\"lg\":{\"top\":\"\",\"bottom\":\"0\",\"left\":\"\",\"right\":\"\",\"unit\":\"px\"}},\"imgAnimation\":\"zoomIn\",\"imgHoverGrayScale\":{\"lg\":\"0\",\"unit\":\"%\"},\"imgRadius\":{\"lg\":{\"top\":\"\",\"right\":\"\",\"bottom\":\"\",\"left\":\"\",\"unit\":\"px\"},\"unit\":\"px\"},\"imgHoverRadius\":{\"lg\":{\"right\":\"\",\"unit\":\"px\"},\"unit\":\"px\"},\"imgShadow\":{\"inset\":\"\",\"width\":{\"top\":1,\"right\":1,\"bottom\":1,\"left\":1},\"color\":\"rgba(88,206,16,1)\",\"openShadow\":0},\"imgHoverShadow\":{\"openShadow\":1,\"width\":{\"top\":1,\"right\":1,\"bottom\":1,\"left\":1},\"color\":\"rgba(0,0,0,0)\"},\"imgOverlayType\":\"simgleGradient\",\"overlayColor\":{\"openColor\":0,\"type\":\"openColor\",\"color\":\"rgba(90,209,16,0.14)\",\"gradient\":{\"color1\":\"rgba(0,0,0,0)\",\"color2\":\"rgba(0,0,0,1)\",\"type\":\"linear\",\"direction\":\"182\",\"start\":\"37\",\"stop\":\"76\",\"radial\":\"center\",\"clip\":false},\"clip\":false},\"loadMoreText\":\"Voir plus\",\"pagiTypo\":{\"openTypography\":1,\"size\":{\"lg\":14,\"unit\":\"px\"},\"height\":{\"lg\":20,\"unit\":\"px\"},\"decoration\":\"none\",\"family\":\"Comfortaa\",\"type\":\"cursive\"},\"pagiBgColor\":{\"openColor\":1,\"type\":\"color\",\"color\":\"#0e1523\",\"gradient\":{\"color1\":\"#16d03e\",\"color2\":\"#1f91f3\",\"type\":\"linear\",\"direction\":\"90\",\"start\":5,\"stop\":80,\"radial\":\"center\",\"clip\":false},\"clip\":false},\"pagiBorder\":{\"width\":{\"top\":1,\"right\":1,\"bottom\":1,\"left\":1},\"type\":\"solid\",\"color\":\"#009fd4\",\"openBorder\":0},\"pagiShadow\":{\"inset\":\"\",\"width\":{\"top\":1,\"right\":1,\"bottom\":1,\"left\":1},\"color\":\"#009fd4\",\"openShadow\":0},\"pagiHoverbg\":{\"openColor\":1,\"type\":\"color\",\"color\":\"rgba(88,206,16,1)\",\"replace\":1},\"wrapBg\":{\"openColor\":0,\"type\":\"color\",\"color\":\"#f5f5f5\",\"gradient\":{\"color1\":\"#16d03e\",\"color2\":\"#1f91f3\",\"type\":\"linear\",\"direction\":\"90\",\"start\":5,\"stop\":80,\"radial\":\"center\",\"clip\":false},\"clip\":false},\"wrapBorder\":{\"width\":{\"top\":1,\"right\":1,\"bottom\":1,\"left\":1},\"type\":\"solid\",\"color\":\"#009fd4\",\"openBorder\":0},\"wrapShadow\":{\"inset\":\"\",\"width\":{\"top\":1,\"right\":1,\"bottom\":1,\"left\":1},\"color\":\"#009fd4\",\"openShadow\":0}} \/-->\t\t\t\t\t\t<\/div>\n\t\t\t\t<\/div>\n\t\t\t\t\t<\/div>\n\t\t<\/div>\n\t\t\t\t\t<\/div>\n\t\t<\/section>\n\t\t\t\t<section class=\"elementor-section elementor-top-section elementor-element elementor-element-5cc6782 elementor-section-boxed elementor-section-height-default elementor-section-height-default\" data-id=\"5cc6782\" data-element_type=\"section\">\n\t\t\t\t\t\t<div class=\"elementor-container elementor-column-gap-default\">\n\t\t\t\t\t<div class=\"elementor-column elementor-col-100 elementor-top-column elementor-element elementor-element-42b2dfb6\" data-id=\"42b2dfb6\" data-element_type=\"column\">\n\t\t\t<div class=\"elementor-widget-wrap elementor-element-populated\">\n\t\t\t\t\t\t<div class=\"elementor-element elementor-element-c53e799 elementor-widget elementor-widget-heading\" data-id=\"c53e799\" data-element_type=\"widget\" data-widget_type=\"heading.default\">\n\t\t\t\t<div class=\"elementor-widget-container\">\n\t\t\t<h2 class=\"elementor-heading-title elementor-size-default\">Agroforestwallabytour<\/h2>\t\t<\/div>\n\t\t\t\t<\/div>\n\t\t\t\t<div class=\"elementor-element elementor-element-34b30836 elementor-widget elementor-widget-image\" data-id=\"34b30836\" data-element_type=\"widget\" data-widget_type=\"image.default\">\n\t\t\t\t<div class=\"elementor-widget-container\">\n\t\t\t\t\t\t\t\t\t\t\t\t\t<img fetchpriority=\"high\" decoding=\"async\" width=\"525\" height=\"295\" src=\"https:\/\/www.lesagronautes.org\/wp-content\/uploads\/2016\/05\/P1000107-1024x576.jpg\" class=\"attachment-large size-large wp-image-1198\" alt=\"\" srcset=\"https:\/\/www.lesagronautes.org\/wp-content\/uploads\/2016\/05\/P1000107-1024x576.jpg 1024w, https:\/\/www.lesagronautes.org\/wp-content\/uploads\/2016\/05\/P1000107-300x169.jpg 300w\" sizes=\"100vw\" \/>\t\t\t\t\t\t\t\t\t\t\t\t\t<\/div>\n\t\t\t\t<\/div>\n\t\t\t\t\t<\/div>\n\t\t<\/div>\n\t\t\t\t\t<\/div>\n\t\t<\/section>\n\t\t\t\t<section class=\"elementor-section elementor-top-section elementor-element elementor-element-3c4ae5e elementor-section-boxed elementor-section-height-default elementor-section-height-default\" data-id=\"3c4ae5e\" data-element_type=\"section\">\n\t\t\t\t\t\t<div class=\"elementor-container elementor-column-gap-default\">\n\t\t\t\t\t<div class=\"elementor-column elementor-col-33 elementor-top-column elementor-element elementor-element-70670f48\" data-id=\"70670f48\" data-element_type=\"column\">\n\t\t\t<div class=\"elementor-widget-wrap elementor-element-populated\">\n\t\t\t\t\t\t<div class=\"elementor-element elementor-element-540b4948 elementor-widget elementor-widget-heading\" data-id=\"540b4948\" data-element_type=\"widget\" data-widget_type=\"heading.default\">\n\t\t\t\t<div class=\"elementor-widget-container\">\n\t\t\t<h2 class=\"elementor-heading-title elementor-size-default\">Projet men\u00e9 par Nicolas et Lucie<\/h2>\t\t<\/div>\n\t\t\t\t<\/div>\n\t\t\t\t<div class=\"elementor-element elementor-element-30874d1b elementor-widget elementor-widget-heading\" data-id=\"30874d1b\" data-element_type=\"widget\" data-widget_type=\"heading.default\">\n\t\t\t\t<div class=\"elementor-widget-container\">\n\t\t\t<h2 class=\"elementor-heading-title elementor-size-default\">2016<\/h2>\t\t<\/div>\n\t\t\t\t<\/div>\n\t\t\t\t<div class=\"elementor-element elementor-element-3da6ace elementor-widget elementor-widget-heading\" data-id=\"3da6ace\" data-element_type=\"widget\" data-widget_type=\"heading.default\">\n\t\t\t\t<div class=\"elementor-widget-container\">\n\t\t\t<h2 class=\"elementor-heading-title elementor-size-default\">Sur le th\u00e8me de l'agroforesterie en Australie<\/h2>\t\t<\/div>\n\t\t\t\t<\/div>\n\t\t\t\t<div class=\"elementor-element elementor-element-fe88a44 elementor-widget elementor-widget-heading\" data-id=\"fe88a44\" data-element_type=\"widget\" data-widget_type=\"heading.default\">\n\t\t\t\t<div class=\"elementor-widget-container\">\n\t\t\t<h2 class=\"elementor-heading-title elementor-size-default\">Bonjour, nous sommes AgroForestWallabyTour : Nicolas et Lucie, deux \u00e9tudiants d\u2019AgroParisTech en ann\u00e9e de c\u00e9sure, parfois accompagn\u00e9s d\u2019un <a href=\"https:\/\/hausarbeit-schreiben.com\/masterarbeit-schreiben-lassen-kosten\/\" style=\"color: inherit; text-decoration: none;\"> hier <\/a>(fran\u00e7ais : \u00e9crivain fant\u00f4me ; Deutsch : Ghostwriter\/Auftragsautor). Pour nous, c\u2019est dans l\u2019h\u00e9misph\u00e8re sud au large du Pacifique que nous menons notre \u00e9tude. Voil\u00e0 d\u00e9j\u00e0 plus de deux mois que nous arpentons la c\u00f4te sud-est de l\u2019Australie \u00e0 la rencontre d\u2019agriculteurs qui essayent de mettre en place une agriculture coh\u00e9rente et durable en int\u00e9grant les arbres \u00e0 leur exploitation dans une r\u00e9gion o\u00f9 les enjeux environnementaux sont importants (salinisation des sols, \u00e9rosion, d\u00e9forestation massive\u2026).\n\n\nNous travaillons dans ces fermes et essayons de comprendre pourquoi ces agriculteurs ont choisi ce mod\u00e8le agricole et quels en sont les b\u00e9n\u00e9fices pour eux. Nous cherchons \u00e0 retranscrire leur histoire par de courtes vid\u00e9os que nous publions sur notre site internet. \u00c0 c\u00f4t\u00e9 de \u00e7a, nous rencontrons aussi des chercheurs et d\u2019autres personnes impliqu\u00e9es dans le d\u00e9veloppement de ce mod\u00e8le agroforestier. Notre but est de promouvoir ce syst\u00e8me agricole et d\u2019en montrer la diversit\u00e9. Comment ces agriculteurs arrivent-ils \u00e0 valoriser la place de l\u2019arbre au sein de leur exploitation, arbre qui \u00e9tait vu auparavant comme nuisible \u00e0 la production agricole ? Voici un exemple de vid\u00e9o que nous avons r\u00e9alis\u00e9 dans la ferme des Colvin en Tasmanie : https:\/\/www.youtube.com\/watch?v=TH08QXYY5GI&feature=emb_title<\/h2>\t\t<\/div>\n\t\t\t\t<\/div>\n\t\t\t\t<div class=\"elementor-element elementor-element-7b550550 elementor-widget elementor-widget-heading\" data-id=\"7b550550\" data-element_type=\"widget\" data-widget_type=\"heading.default\">\n\t\t\t\t<div class=\"elementor-widget-container\">\n\t\t\t<h2 class=\"elementor-heading-title elementor-size-default\">En savoir plus<\/h2>\t\t<\/div>\n\t\t\t\t<\/div>\n\t\t\t\t<div class=\"elementor-element elementor-element-73767b9a elementor-widget elementor-widget-heading\" data-id=\"73767b9a\" data-element_type=\"widget\" data-widget_type=\"heading.default\">\n\t\t\t\t<div class=\"elementor-widget-container\">\n\t\t\t<h2 class=\"elementor-heading-title elementor-size-default\">Pour en savoir plus sur notre projet et voir d\u2019autres t\u00e9moignages, n\u2019h\u00e9sitez pas \u00e0 consulter notre site internet&nbsp;:\nhttp:\/\/www.agroforestwallabytour.com\/\net notre page Facebook&nbsp;:\nhttps:\/\/www.facebook.com\/agroforestwallabytour\/<\/h2>\t\t<\/div>\n\t\t\t\t<\/div>\n\t\t\t\t\t<\/div>\n\t\t<\/div>\n\t\t\t\t<div class=\"elementor-column elementor-col-33 elementor-top-column elementor-element elementor-element-e23ca88\" data-id=\"e23ca88\" data-element_type=\"column\">\n\t\t\t<div class=\"elementor-widget-wrap\">\n\t\t\t\t\t\t\t<\/div>\n\t\t<\/div>\n\t\t\t\t<div class=\"elementor-column elementor-col-33 elementor-top-column elementor-element elementor-element-545b5981\" data-id=\"545b5981\" data-element_type=\"column\">\n\t\t\t<div class=\"elementor-widget-wrap elementor-element-populated\">\n\t\t\t\t\t\t<div class=\"elementor-element elementor-element-6dd30cee elementor-widget elementor-widget-heading\" data-id=\"6dd30cee\" data-element_type=\"widget\" data-widget_type=\"heading.default\">\n\t\t\t\t<div class=\"elementor-widget-container\">\n\t\t\t<h2 class=\"elementor-heading-title elementor-size-default\">NOS ARTICLES<\/h2>\t\t<\/div>\n\t\t\t\t<\/div>\n\t\t\t\t<div class=\"elementor-element elementor-element-5c75c87d elementor-grid-eael-col-2 elementor-grid-tablet-eael-col-2 elementor-grid-mobile-eael-col-1 elementor-widget elementor-widget-eael-post-grid\" data-id=\"5c75c87d\" data-element_type=\"widget\" data-settings=\"{&quot;eael_post_grid_columns&quot;:&quot;eael-col-2&quot;,&quot;eael_post_grid_columns_tablet&quot;:&quot;eael-col-2&quot;,&quot;eael_post_grid_columns_mobile&quot;:&quot;eael-col-1&quot;}\" data-widget_type=\"eael-post-grid.default\">\n\t\t\t\t<div class=\"elementor-widget-container\">\n\t\t\t<div id=\"eael-post-grid-5c75c87d\" class=\"eael-post-grid-container\">\n            <div class=\"eael-post-grid eael-post-appender eael-post-appender-5c75c87d eael-post-grid-style-default\" data-layout-mode=\"grid\"><article class=\"eael-grid-post eael-post-grid-column\" data-id=\"1714\">\n        <div class=\"eael-grid-post-holder\">\n            <div class=\"eael-grid-post-holder-inner\"><div class=\"eael-entry-media\"><div class=\"eael-entry-overlay slide-up\"><i class=\"fas fa-newspaper\" aria-hidden=\"true\"><\/i><a href=\"https:\/\/www.lesagronautes.org\/index.php\/2016\/08\/05\/leducation-un-moyen-de-promouvoir-lagroforesterie\/\"><\/a><\/div><div class=\"eael-entry-thumbnail \">\n                <img decoding=\"async\" width=\"300\" height=\"169\" src=\"https:\/\/www.lesagronautes.org\/wp-content\/uploads\/2016\/08\/20141004_111024-1024x576-300x169.jpg\" class=\"attachment-medium size-medium wp-image-1716\" alt=\"\" srcset=\"https:\/\/www.lesagronautes.org\/wp-content\/uploads\/2016\/08\/20141004_111024-1024x576-300x169.jpg 300w, https:\/\/www.lesagronautes.org\/wp-content\/uploads\/2016\/08\/20141004_111024-1024x576.jpg 1024w\" sizes=\"100vw\" \/>\n            <\/div>\n        <\/div><div class=\"eael-entry-wrapper\"><header class=\"eael-entry-header\"><h2 class=\"eael-entry-title\"><a\n                        class=\"eael-grid-post-link\"\n                        href=\"https:\/\/www.lesagronautes.org\/index.php\/2016\/08\/05\/leducation-un-moyen-de-promouvoir-lagroforesterie\/\"\n                        title=\"Le woodworks museum : un moyen de promouvoir l&rsquo;agroforesterie en Australie\">Le woodworks museum : un moyen de promouvoir l&rsquo;agroforesterie en Australie<\/a><\/h2><\/header><div class=\"eael-entry-header-after\"><div class=\"eael-author-avatar\"><a href=\"https:\/\/www.lesagronautes.org\/index.php\/author\/nicolas\/\"><img alt='Nicolas' src='https:\/\/secure.gravatar.com\/avatar\/cbd5fb6588b60fdc48688f7665d8c183?s=96&#038;d=mm&#038;r=g' srcset='https:\/\/secure.gravatar.com\/avatar\/cbd5fb6588b60fdc48688f7665d8c183?s=192&#038;d=mm&#038;r=g 2x' class='avatar avatar-96 photo' height='96' width='96' \/><\/a><\/div><div class=\"eael-entry-meta\"><span class=\"eael-posted-by\"><a href=\"https:\/\/www.lesagronautes.org\/index.php\/author\/nicolas\/\" title=\"Articles par Nicolas\" rel=\"author\">Nicolas<\/a><\/span><span class=\"eael-posted-on\"><time datetime=\"5 ao\u00fbt 2016\">5 ao\u00fbt 2016<\/time><\/span><\/div><\/div><\/div><\/div>\n        <\/div>\n    <\/article><article class=\"eael-grid-post eael-post-grid-column\" data-id=\"1523\">\n        <div class=\"eael-grid-post-holder\">\n            <div class=\"eael-grid-post-holder-inner\"><div class=\"eael-entry-media\"><div class=\"eael-entry-overlay slide-up\"><i class=\"fas fa-newspaper\" aria-hidden=\"true\"><\/i><a href=\"https:\/\/www.lesagronautes.org\/index.php\/2016\/07\/21\/australie-interview-emouvante-de-rowan-reid-le-grand-de-lagroforesterie\/\"><\/a><\/div><div class=\"eael-entry-thumbnail \">\n                <img decoding=\"async\" width=\"300\" height=\"225\" src=\"https:\/\/www.lesagronautes.org\/wp-content\/uploads\/2016\/07\/13568915_1770198909860156_6082484146111127648_o-300x225.jpg\" class=\"attachment-medium size-medium wp-image-1524\" alt=\"\" srcset=\"https:\/\/www.lesagronautes.org\/wp-content\/uploads\/2016\/07\/13568915_1770198909860156_6082484146111127648_o-300x225.jpg 300w, https:\/\/www.lesagronautes.org\/wp-content\/uploads\/2016\/07\/13568915_1770198909860156_6082484146111127648_o-1024x768.jpg 1024w, https:\/\/www.lesagronautes.org\/wp-content\/uploads\/2016\/07\/13568915_1770198909860156_6082484146111127648_o-285x214.jpg 285w, https:\/\/www.lesagronautes.org\/wp-content\/uploads\/2016\/07\/13568915_1770198909860156_6082484146111127648_o.jpg 2048w\" sizes=\"100vw\" \/>\n            <\/div>\n        <\/div><div class=\"eael-entry-wrapper\"><header class=\"eael-entry-header\"><h2 class=\"eael-entry-title\"><a\n                        class=\"eael-grid-post-link\"\n                        href=\"https:\/\/www.lesagronautes.org\/index.php\/2016\/07\/21\/australie-interview-emouvante-de-rowan-reid-le-grand-de-lagroforesterie\/\"\n                        title=\"Australie : \u00ab\u00a0Interview \u00e9mouvante de Rowan Reid, le grand de l&rsquo;Agroforesterie\u00a0\u00bb\">Australie : \u00ab\u00a0Interview \u00e9mouvante de Rowan Reid, le grand de l&rsquo;Agroforesterie\u00a0\u00bb<\/a><\/h2><\/header><div class=\"eael-entry-header-after\"><div class=\"eael-author-avatar\"><a href=\"https:\/\/www.lesagronautes.org\/index.php\/author\/nicolas\/\"><img alt='Nicolas' src='https:\/\/secure.gravatar.com\/avatar\/cbd5fb6588b60fdc48688f7665d8c183?s=96&#038;d=mm&#038;r=g' srcset='https:\/\/secure.gravatar.com\/avatar\/cbd5fb6588b60fdc48688f7665d8c183?s=192&#038;d=mm&#038;r=g 2x' class='avatar avatar-96 photo' height='96' width='96' \/><\/a><\/div><div class=\"eael-entry-meta\"><span class=\"eael-posted-by\"><a href=\"https:\/\/www.lesagronautes.org\/index.php\/author\/nicolas\/\" title=\"Articles par Nicolas\" rel=\"author\">Nicolas<\/a><\/span><span class=\"eael-posted-on\"><time datetime=\"21 juillet 2016\">21 juillet 2016<\/time><\/span><\/div><\/div><\/div><\/div>\n        <\/div>\n    <\/article><article class=\"eael-grid-post eael-post-grid-column\" data-id=\"1519\">\n        <div class=\"eael-grid-post-holder\">\n            <div class=\"eael-grid-post-holder-inner\"><div class=\"eael-entry-media\"><div class=\"eael-entry-overlay slide-up\"><i class=\"fas fa-newspaper\" aria-hidden=\"true\"><\/i><a href=\"https:\/\/www.lesagronautes.org\/index.php\/2016\/07\/15\/australie-une-exploitation-un-mode-de-vie-autour-de-la-durabilite\/\"><\/a><\/div><div class=\"eael-entry-thumbnail \">\n                <img loading=\"lazy\" decoding=\"async\" width=\"300\" height=\"199\" src=\"https:\/\/www.lesagronautes.org\/wp-content\/uploads\/2016\/07\/13495634_1004937509626339_583439088587582587_o-300x199.jpg\" class=\"attachment-medium size-medium wp-image-1520\" alt=\"\" srcset=\"https:\/\/www.lesagronautes.org\/wp-content\/uploads\/2016\/07\/13495634_1004937509626339_583439088587582587_o-300x199.jpg 300w, https:\/\/www.lesagronautes.org\/wp-content\/uploads\/2016\/07\/13495634_1004937509626339_583439088587582587_o-1024x680.jpg 1024w, https:\/\/www.lesagronautes.org\/wp-content\/uploads\/2016\/07\/13495634_1004937509626339_583439088587582587_o-750x500.jpg 750w, https:\/\/www.lesagronautes.org\/wp-content\/uploads\/2016\/07\/13495634_1004937509626339_583439088587582587_o.jpg 2048w\" sizes=\"100vw\" \/>\n            <\/div>\n        <\/div><div class=\"eael-entry-wrapper\"><header class=\"eael-entry-header\"><h2 class=\"eael-entry-title\"><a\n                        class=\"eael-grid-post-link\"\n                        href=\"https:\/\/www.lesagronautes.org\/index.php\/2016\/07\/15\/australie-une-exploitation-un-mode-de-vie-autour-de-la-durabilite\/\"\n                        title=\"Australie : \u00ab\u00a0une exploitation, un mode de vie, autour de la durabilit\u00e9\u00a0\u00bb\">Australie : \u00ab\u00a0une exploitation, un mode de vie, autour de la durabilit\u00e9\u00a0\u00bb<\/a><\/h2><\/header><div class=\"eael-entry-header-after\"><div class=\"eael-author-avatar\"><a href=\"https:\/\/www.lesagronautes.org\/index.php\/author\/nicolas\/\"><img alt='Nicolas' src='https:\/\/secure.gravatar.com\/avatar\/cbd5fb6588b60fdc48688f7665d8c183?s=96&#038;d=mm&#038;r=g' srcset='https:\/\/secure.gravatar.com\/avatar\/cbd5fb6588b60fdc48688f7665d8c183?s=192&#038;d=mm&#038;r=g 2x' class='avatar avatar-96 photo' height='96' width='96' \/><\/a><\/div><div class=\"eael-entry-meta\"><span class=\"eael-posted-by\"><a href=\"https:\/\/www.lesagronautes.org\/index.php\/author\/nicolas\/\" title=\"Articles par Nicolas\" rel=\"author\">Nicolas<\/a><\/span><span class=\"eael-posted-on\"><time datetime=\"15 juillet 2016\">15 juillet 2016<\/time><\/span><\/div><\/div><\/div><\/div>\n        <\/div>\n    <\/article><\/div>\n            <div class=\"clearfix\"><\/div>\n        <\/div>\t\t<\/div>\n\t\t\t\t<\/div>\n\t\t\t\t\t<\/div>\n\t\t<\/div>\n\t\t\t\t\t<\/div>\n\t\t<\/section>\n\t\t\t\t<\/div>\n\t\t","protected":false},"excerpt":{"rendered":"<p>Agroforestwallabytour Projet men\u00e9 par Nicolas et Lucie 2016 Sur le th\u00e8me de l&rsquo;agroforesterie en Australie Bonjour, nous sommes AgroForestWallabyTour : Nicolas et Lucie, deux \u00e9tudiants d\u2019AgroParisTech en ann\u00e9e de c\u00e9sure, parfois accompagn\u00e9s d\u2019un hier (fran\u00e7ais : \u00e9crivain fant\u00f4me ; Deutsch : Ghostwriter\/Auftragsautor). Pour nous, c\u2019est dans l\u2019h\u00e9misph\u00e8re sud au large du Pacifique que nous menons &hellip; <\/p>\n<p class=\"link-more\"><a href=\"https:\/\/www.lesagronautes.org\/index.php\/2016\/07\/15\/australie-une-exploitation-un-mode-de-vie-autour-de-la-durabilite\/\" class=\"more-link\">Continuer la lecture<span class=\"screen-reader-text\"> de &laquo;&nbsp;Australie : \u00ab\u00a0une exploitation, un mode de vie, autour de la durabilit\u00e9\u00a0\u00bb&nbsp;&raquo;<\/span><\/a><\/p>\n","protected":false},"author":14,"featured_media":0,"parent":0,"menu_order":0,"comment_status":"closed","ping_status":"closed","template":"","meta":{"footnotes":""},"_links":{"self":[{"href":"https:\/\/www.lesagronautes.org\/index.php\/wp-json\/wp\/v2\/pages\/2622"}],"collection":[{"href":"https:\/\/www.lesagronautes.org\/index.php\/wp-json\/wp\/v2\/pages"}],"about":[{"href":"https:\/\/www.lesagronautes.org\/index.php\/wp-json\/wp\/v2\/types\/page"}],"author":[{"embeddable":true,"href":"https:\/\/www.lesagronautes.org\/index.php\/wp-json\/wp\/v2\/users\/14"}],"replies":[{"embeddable":true,"href":"https:\/\/www.lesagronautes.org\/index.php\/wp-json\/wp\/v2\/comments?post=2622"}],"version-history":[{"count":10,"href":"https:\/\/www.lesagronautes.org\/index.php\/wp-json\/wp\/v2\/pages\/2622\/revisions"}],"predecessor-version":[{"id":22332,"href":"https:\/\/www.lesagronautes.org\/index.php\/wp-json\/wp\/v2\/pages\/2622\/revisions\/22332"}],"wp:attachment":[{"href":"https:\/\/www.lesagronautes.org\/index.php\/wp-json\/wp\/v2\/media?parent=2622"}],"curies":[{"name":"wp","href":"https:\/\/api.w.org\/{rel}","templated":true}]}}