{"id":2612,"date":"2020-11-14T18:24:28","date_gmt":"2020-11-14T17:24:28","guid":{"rendered":"http:\/\/www.lesagronautes.org\/?page_id=2612"},"modified":"2020-11-22T10:25:29","modified_gmt":"2020-11-22T09:25:29","slug":"etude-de-systemes-agroforestiers-au-mexique","status":"publish","type":"page","link":"https:\/\/www.lesagronautes.org\/index.php\/etude-de-systemes-agroforestiers-au-mexique\/","title":{"rendered":"\u00c9tude de syst\u00e8mes agroforestiers au Mexique"},"content":{"rendered":"\t\t<div data-elementor-type=\"wp-page\" data-elementor-id=\"2612\" class=\"elementor elementor-2612\">\n\t\t\t\t\t\t<section class=\"elementor-section elementor-top-section elementor-element elementor-element-2af68814 elementor-section-boxed elementor-section-height-default elementor-section-height-default\" data-id=\"2af68814\" data-element_type=\"section\">\n\t\t\t\t\t\t<div class=\"elementor-container elementor-column-gap-default\">\n\t\t\t\t\t<div class=\"elementor-column elementor-col-100 elementor-top-column elementor-element elementor-element-7d443524\" data-id=\"7d443524\" data-element_type=\"column\">\n\t\t\t<div class=\"elementor-widget-wrap elementor-element-populated\">\n\t\t\t\t\t\t<div class=\"elementor-element elementor-element-57e068a9 elementor-widget elementor-widget-text-editor\" data-id=\"57e068a9\" data-element_type=\"widget\" data-widget_type=\"text-editor.default\">\n\t\t\t\t<div class=\"elementor-widget-container\">\n\t\t\t\t\t\t\t<!-- wp:ultimate-post\/post-grid-2 {\"blockId\":\"fc505b\",\"queryCat\":\"[\\u0022martin-agroforesterie-mexique\\u0022]\",\"contentAlign\":\"center\",\"columns\":{\"lg\":\"3\"},\"columnGridGap\":{\"lg\":\"15\",\"unit\":\"px\"},\"overlayHeight\":{\"lg\":\"326\",\"unit\":\"px\"},\"paginationShow\":true,\"overlayContentPosition\":\"middlePosition\",\"overlayBgColor\":{\"openColor\":1,\"type\":\"color\",\"color\":\"\",\"gradient\":{\"color1\":\"#16d03e\",\"color2\":\"#1f91f3\",\"type\":\"linear\",\"direction\":\"90\",\"start\":5,\"stop\":80,\"radial\":\"center\",\"clip\":false},\"clip\":false},\"overlayWrapPadding\":{\"lg\":{\"top\":\"30\",\"bottom\":\"30\",\"left\":\"30\",\"right\":\"30\",\"unit\":\"px\"}},\"headingText\":\"Nos articles\",\"headingStyle\":\"style5\",\"headingTypo\":{\"openTypography\":1,\"size\":{\"lg\":\"16\",\"unit\":\"px\"},\"height\":{\"lg\":\"\",\"unit\":\"px\"},\"decoration\":\"none\",\"transform\":\"uppercase\",\"family\":\"Comfortaa\",\"weight\":\"700\",\"type\":\"cursive\"},\"headingColor\":\"rgba(43,43,43,1)\",\"headingBorderBottomColor\":\"rgba(88,206,16,1)\",\"headingBg\":\"rgba(238,238,238,1)\",\"headingBorder\":\"4\",\"headingPadding\":{\"lg\":{\"top\":\"11\",\"unit\":\"px\",\"bottom\":\"10\",\"right\":\"20\",\"left\":\"20\"},\"unit\":\"px\"},\"titleColor\":\"rgba(255,255,255,1)\",\"titleHoverColor\":\"rgba(255,255,255,0.82)\",\"titleTypo\":{\"openTypography\":1,\"size\":{\"lg\":\"20\",\"unit\":\"px\"},\"height\":{\"lg\":\"26\",\"unit\":\"px\"},\"decoration\":\"none\",\"family\":\"Roboto Condensed\",\"weight\":\"600\",\"type\":\"sans-serif\"},\"catTypo\":{\"openTypography\":1,\"size\":{\"lg\":11,\"unit\":\"px\"},\"height\":{\"lg\":15,\"unit\":\"px\"},\"spacing\":{\"lg\":1,\"unit\":\"px\"},\"transform\":\"uppercase\",\"weight\":\"400\",\"decoration\":\"none\",\"family\":\"Comfortaa\",\"type\":\"cursive\"},\"catBgColor\":{\"openColor\":1,\"type\":\"color\",\"color\":\"rgba(63,166,0,1)\",\"gradient\":{\"color1\":\"#16d03e\",\"color2\":\"#1f91f3\",\"type\":\"linear\",\"direction\":\"90\",\"start\":5,\"stop\":80,\"radial\":\"center\",\"clip\":false},\"clip\":false},\"catBorder\":{\"width\":{\"top\":1,\"right\":1,\"bottom\":1,\"left\":1},\"type\":\"solid\",\"color\":\"rgba(0,161,214,0)\",\"openBorder\":1},\"catHoverColor\":\"rgba(255,255,255,1)\",\"catBgHoverColor\":{\"openColor\":1,\"type\":\"color\",\"color\":\"rgba(88,206,16,1)\"},\"catSacing\":{\"lg\":{\"top\":\"\",\"bottom\":5,\"left\":\"\",\"right\":\"0\",\"unit\":\"px\"}},\"catPadding\":{\"lg\":{\"top\":\"5\",\"bottom\":\"4\",\"left\":\"10\",\"right\":\"10\",\"unit\":\"px\"}},\"metaPosition\":\"bottom\",\"metaSeparator\":\"emptyspace\",\"metaTypo\":{\"openTypography\":1,\"size\":{\"lg\":12,\"unit\":\"px\"},\"height\":{\"lg\":20,\"unit\":\"px\"},\"decoration\":\"none\",\"family\":\"Comfortaa\",\"type\":\"cursive\"},\"metaBorder\":{\"width\":{\"top\":1,\"right\":\"0\",\"bottom\":\"0\",\"left\":\"0\"},\"type\":\"groove\",\"color\":\"rgba(255,255,255,0.4)\",\"openBorder\":0},\"metaMargin\":{\"lg\":{\"top\":\"10\",\"bottom\":\"0\",\"left\":\"\",\"right\":\"\",\"unit\":\"px\"}},\"metaPadding\":{\"lg\":{\"top\":\"\",\"bottom\":\"0\",\"left\":\"\",\"right\":\"\",\"unit\":\"px\"}},\"imgAnimation\":\"zoomIn\",\"imgHoverGrayScale\":{\"lg\":\"0\",\"unit\":\"%\"},\"imgRadius\":{\"lg\":{\"top\":\"\",\"right\":\"\",\"bottom\":\"\",\"left\":\"\",\"unit\":\"px\"},\"unit\":\"px\"},\"imgHoverRadius\":{\"lg\":{\"right\":\"\",\"unit\":\"px\"},\"unit\":\"px\"},\"imgShadow\":{\"inset\":\"\",\"width\":{\"top\":1,\"right\":1,\"bottom\":1,\"left\":1},\"color\":\"rgba(88,206,16,1)\",\"openShadow\":0},\"imgHoverShadow\":{\"openShadow\":1,\"width\":{\"top\":1,\"right\":1,\"bottom\":1,\"left\":1},\"color\":\"rgba(0,0,0,0)\"},\"imgOverlayType\":\"simgleGradient\",\"overlayColor\":{\"openColor\":0,\"type\":\"openColor\",\"color\":\"rgba(90,209,16,0.14)\",\"gradient\":{\"color1\":\"rgba(0,0,0,0)\",\"color2\":\"rgba(0,0,0,1)\",\"type\":\"linear\",\"direction\":\"182\",\"start\":\"37\",\"stop\":\"76\",\"radial\":\"center\",\"clip\":false},\"clip\":false},\"loadMoreText\":\"Voir plus\",\"pagiTypo\":{\"openTypography\":1,\"size\":{\"lg\":14,\"unit\":\"px\"},\"height\":{\"lg\":20,\"unit\":\"px\"},\"decoration\":\"none\",\"family\":\"Comfortaa\",\"type\":\"cursive\"},\"pagiBgColor\":{\"openColor\":1,\"type\":\"color\",\"color\":\"#0e1523\",\"gradient\":{\"color1\":\"#16d03e\",\"color2\":\"#1f91f3\",\"type\":\"linear\",\"direction\":\"90\",\"start\":5,\"stop\":80,\"radial\":\"center\",\"clip\":false},\"clip\":false},\"pagiBorder\":{\"width\":{\"top\":1,\"right\":1,\"bottom\":1,\"left\":1},\"type\":\"solid\",\"color\":\"#009fd4\",\"openBorder\":0},\"pagiShadow\":{\"inset\":\"\",\"width\":{\"top\":1,\"right\":1,\"bottom\":1,\"left\":1},\"color\":\"#009fd4\",\"openShadow\":0},\"pagiHoverbg\":{\"openColor\":1,\"type\":\"color\",\"color\":\"rgba(88,206,16,1)\",\"replace\":1},\"wrapBg\":{\"openColor\":0,\"type\":\"color\",\"color\":\"#f5f5f5\",\"gradient\":{\"color1\":\"#16d03e\",\"color2\":\"#1f91f3\",\"type\":\"linear\",\"direction\":\"90\",\"start\":5,\"stop\":80,\"radial\":\"center\",\"clip\":false},\"clip\":false},\"wrapBorder\":{\"width\":{\"top\":1,\"right\":1,\"bottom\":1,\"left\":1},\"type\":\"solid\",\"color\":\"#009fd4\",\"openBorder\":0},\"wrapShadow\":{\"inset\":\"\",\"width\":{\"top\":1,\"right\":1,\"bottom\":1,\"left\":1},\"color\":\"#009fd4\",\"openShadow\":0}} \/-->\t\t\t\t\t\t<\/div>\n\t\t\t\t<\/div>\n\t\t\t\t\t<\/div>\n\t\t<\/div>\n\t\t\t\t\t<\/div>\n\t\t<\/section>\n\t\t\t\t<section class=\"elementor-section elementor-top-section elementor-element elementor-element-1fee0557 elementor-section-boxed elementor-section-height-default elementor-section-height-default\" data-id=\"1fee0557\" data-element_type=\"section\">\n\t\t\t\t\t\t<div class=\"elementor-container elementor-column-gap-default\">\n\t\t\t\t\t<div class=\"elementor-column elementor-col-100 elementor-top-column elementor-element elementor-element-7aa5e29d\" data-id=\"7aa5e29d\" data-element_type=\"column\">\n\t\t\t<div class=\"elementor-widget-wrap elementor-element-populated\">\n\t\t\t\t\t\t<div class=\"elementor-element elementor-element-78019741 elementor-widget elementor-widget-heading\" data-id=\"78019741\" data-element_type=\"widget\" data-widget_type=\"heading.default\">\n\t\t\t\t<div class=\"elementor-widget-container\">\n\t\t\t<h2 class=\"elementor-heading-title elementor-size-default\">\u00e9TUDE DE SYST\u00c8MES AGROFORESTIERS AU MEXIQUE<\/h2>\t\t<\/div>\n\t\t\t\t<\/div>\n\t\t\t\t<div class=\"elementor-element elementor-element-2cce370 elementor-widget elementor-widget-image\" data-id=\"2cce370\" data-element_type=\"widget\" data-widget_type=\"image.default\">\n\t\t\t\t<div class=\"elementor-widget-container\">\n\t\t\t\t\t\t\t\t\t\t\t\t\t<img fetchpriority=\"high\" decoding=\"async\" width=\"525\" height=\"349\" src=\"https:\/\/www.lesagronautes.org\/wp-content\/uploads\/2020\/11\/erty.png\" class=\"attachment-large size-large wp-image-2709\" alt=\"\" srcset=\"https:\/\/www.lesagronautes.org\/wp-content\/uploads\/2020\/11\/erty.png 1024w, https:\/\/www.lesagronautes.org\/wp-content\/uploads\/2020\/11\/erty-300x199.png 300w\" sizes=\"100vw\" \/>\t\t\t\t\t\t\t\t\t\t\t\t\t<\/div>\n\t\t\t\t<\/div>\n\t\t\t\t\t<\/div>\n\t\t<\/div>\n\t\t\t\t\t<\/div>\n\t\t<\/section>\n\t\t\t\t<section class=\"elementor-section elementor-top-section elementor-element elementor-element-1cb597e9 elementor-section-boxed elementor-section-height-default elementor-section-height-default\" data-id=\"1cb597e9\" data-element_type=\"section\">\n\t\t\t\t\t\t<div class=\"elementor-container elementor-column-gap-default\">\n\t\t\t\t\t<div class=\"elementor-column elementor-col-33 elementor-top-column elementor-element elementor-element-32a306de\" data-id=\"32a306de\" data-element_type=\"column\">\n\t\t\t<div class=\"elementor-widget-wrap elementor-element-populated\">\n\t\t\t\t\t\t<div class=\"elementor-element elementor-element-ec6ec28 elementor-widget elementor-widget-heading\" data-id=\"ec6ec28\" data-element_type=\"widget\" data-widget_type=\"heading.default\">\n\t\t\t\t<div class=\"elementor-widget-container\">\n\t\t\t<h2 class=\"elementor-heading-title elementor-size-default\">Projet men\u00e9 par Martin Laurenceau<\/h2>\t\t<\/div>\n\t\t\t\t<\/div>\n\t\t\t\t<div class=\"elementor-element elementor-element-2135bac elementor-widget elementor-widget-heading\" data-id=\"2135bac\" data-element_type=\"widget\" data-widget_type=\"heading.default\">\n\t\t\t\t<div class=\"elementor-widget-container\">\n\t\t\t<h2 class=\"elementor-heading-title elementor-size-default\">Septembre \u00e0 d\u00e9cembre 2015<\/h2>\t\t<\/div>\n\t\t\t\t<\/div>\n\t\t\t\t<div class=\"elementor-element elementor-element-572113c1 elementor-widget elementor-widget-heading\" data-id=\"572113c1\" data-element_type=\"widget\" data-widget_type=\"heading.default\">\n\t\t\t\t<div class=\"elementor-widget-container\">\n\t\t\t<h2 class=\"elementor-heading-title elementor-size-default\">Sur le th\u00e8me de l'agroforesterie au Mexique, dans la r\u00e9gion de Chiapas<\/h2>\t\t<\/div>\n\t\t\t\t<\/div>\n\t\t\t\t<div class=\"elementor-element elementor-element-2c7a20b3 elementor-widget elementor-widget-heading\" data-id=\"2c7a20b3\" data-element_type=\"widget\" data-widget_type=\"heading.default\">\n\t\t\t\t<div class=\"elementor-widget-container\">\n\t\t\t<h2 class=\"elementor-heading-title elementor-size-default\">Contexte : un projet au service de l'agriculture durable<\/h2>\t\t<\/div>\n\t\t\t\t<\/div>\n\t\t\t\t<div class=\"elementor-element elementor-element-7dddb639 elementor-widget elementor-widget-heading\" data-id=\"7dddb639\" data-element_type=\"widget\" data-widget_type=\"heading.default\">\n\t\t\t\t<div class=\"elementor-widget-container\">\n\t\t\t<h2 class=\"elementor-heading-title elementor-size-default\">Dans la r\u00e9serve naturelle la Frailescana (Sierra Madre du Chiapas, Mexico), la pression pour l\u2019acc\u00e8s \u00e0 la terre et les terrains peu fertiles, avec des pentes atteignant 70%, ont conduit les agriculteurs \u00e0 une forte intensification de leurs syst\u00e8mes de production. Les cons\u00e9quences se manifestent \u00e0 travers une d\u00e9forestation grandissante, des co\u00fbts de production \u00e9lev\u00e9s et de faibles rendements (1 \u00e0 2 tonnes de ma\u00efs par hectare).<br><br>\n\nDes producteurs de la r\u00e9gion ont \u00e9tabli des syst\u00e8mes agroforestiers de ma\u00efs et d\u2019arbres \u00e0 bois d\u2019\u0153uvre avec le soutien de l\u2019ONG AMBIO, en suivant un sch\u00e9ma de paiements pour services environnementaux. Les syst\u00e8mes s\u2019inscrivent dans la dynamique d\u2019une reconversion en caf\u00e9iers d\u2019ombrage. Les agriculteurs re\u00e7oivent un paiement les trois premi\u00e8res ann\u00e9es apr\u00e8s l\u2019\u00e9tablissement des arbres, puis les cinqui\u00e8me, huiti\u00e8me, et dixi\u00e8me ann\u00e9es. Ce paiement permet de motiver les agriculteurs \u00e0 participer au projet de reforestation, et \u00e0 couvrir les frais d\u2018\u00e9tablissement des syst\u00e8mes (planter les arbres, entretien des parcelles, tailles,&nbsp;\u2026). Tout au long du projet, des techniciens de l\u2019ONG AMBIO soutiennent et conseillent les producteurs pour la gestion des arbres (courbe de niveaux, tailles, maladies, entretien) et du syst\u00e8me agricole en g\u00e9n\u00e9ral gr\u00e2ce \u00e0 des ateliers vari\u00e9s portant sur l\u2019entretien des sols, la rotation des cultures, l\u2019exploitation des arbres.<br><br>\n\nLe projet de capture de carbone de l\u2019ONG, Scolel\u2019te (ou \u00ab&nbsp;l\u2019arbre qui grandit&nbsp;\u00bb en langage maya), date de 1992 et est l\u2019une des premi\u00e8res initiatives de ce type au niveau mondial. L\u2019exp\u00e9rience accumul\u00e9e avec les quelques 2000 producteurs participant au projet dans les Etats du Chiapas et de Tabasco (Mexique) permet aujourd\u2019hui un fonctionnement efficace pour promouvoir des syst\u00e8mes agricoles durables.\n<div><span style=\"color: var( --e-global-color-primary );\"><\/span><br><\/div><\/h2>\t\t<\/div>\n\t\t\t\t<\/div>\n\t\t\t\t<div class=\"elementor-element elementor-element-3df620d7 elementor-widget elementor-widget-heading\" data-id=\"3df620d7\" data-element_type=\"widget\" data-widget_type=\"heading.default\">\n\t\t\t\t<div class=\"elementor-widget-container\">\n\t\t\t<h2 class=\"elementor-heading-title elementor-size-default\">Fonctionnement et Dynamique des Syst\u00e8mes Agroforestiers<\/h2>\t\t<\/div>\n\t\t\t\t<\/div>\n\t\t\t\t<div class=\"elementor-element elementor-element-4b5dcf79 elementor-widget elementor-widget-heading\" data-id=\"4b5dcf79\" data-element_type=\"widget\" data-widget_type=\"heading.default\">\n\t\t\t\t<div class=\"elementor-widget-container\">\n\t\t\t<h2 class=\"elementor-heading-title elementor-size-default\">Adaptation du syst\u00e8me Taungya originaire d\u2019Afrique, localement appel\u00e9 Ixim\u2019te (ou \u00ab&nbsp;ma\u00efs et arbres&nbsp;\u00bb en langage maya), le syst\u00e8me en question repose sur l\u2019association entre diff\u00e9rentes cultures de la milpa (principalement ma\u00efs, haricots, courge) et des arbres natifs \u00e0 bois d\u2019\u0153uvre pr\u00e9cieux, comme cedro (Cedrela odorata), caoba (Sweitenia macrophyla), matilisguate (Tabebuia rosea) y guachipil\u00edn (Diphysa robiniodes).\n<br><br>\nCe syst\u00e8me est dynamique et s\u2019inscrit dans une reconversion des parcelles en caf\u00e9iers d\u2019ombrage. Dans les cas \u00e9tudi\u00e9s, les producteurs cultivent les trois premi\u00e8res ann\u00e9es les arbres avec les cultures de la milpa. Ensuite, \u00e0 partir de la quatri\u00e8me ou la cinqui\u00e8me ann\u00e9e, les producteurs commencent \u00e0 semer du caf\u00e9 sur les parcelles (un quart d\u2019hectare ou un demi-hectare), tout en cultivant la milpa l\u00e0 o\u00f9 il n\u2019y a pas de caf\u00e9. En g\u00e9n\u00e9ral au bout de 6 \u00e0 7 ans le syst\u00e8me est enti\u00e8rement reconverti \u00e0 un caf\u00e9ier d\u2019ombrage, et la milpa n\u2019est plus cultiv\u00e9e, faute du manque d\u2019acc\u00e8s \u00e0 la lumi\u00e8re et de la pr\u00e9sence des plants de caf\u00e9.<br><br><\/h2>\t\t<\/div>\n\t\t\t\t<\/div>\n\t\t\t\t<div class=\"elementor-element elementor-element-5346e2aa elementor-widget elementor-widget-heading\" data-id=\"5346e2aa\" data-element_type=\"widget\" data-widget_type=\"heading.default\">\n\t\t\t\t<div class=\"elementor-widget-container\">\n\t\t\t<h2 class=\"elementor-heading-title elementor-size-default\">Des B\u00e9n\u00e9fices Sociaux et Environnementaux<\/h2>\t\t<\/div>\n\t\t\t\t<\/div>\n\t\t\t\t<div class=\"elementor-element elementor-element-70ba2b39 elementor-widget elementor-widget-heading\" data-id=\"70ba2b39\" data-element_type=\"widget\" data-widget_type=\"heading.default\">\n\t\t\t\t<div class=\"elementor-widget-container\">\n\t\t\t<h2 class=\"elementor-heading-title elementor-size-default\">Les b\u00e9n\u00e9fices du syst\u00e8me Taungya dans cette r\u00e9gion sont vari\u00e9s&nbsp;: les arbres permettent de limiter l\u2019\u00e9rosion dans les terrains \u00e0 fortes pentes, d\u2019augmenter la teneur en nutriments (plusieurs esp\u00e8ces de l\u00e9gumineuses parmi les arbres sem\u00e9s) et en mati\u00e8re organique des sols, fournissent l\u2019ombrage des futurs plants de caf\u00e9, et une partie d\u2019entre eux pourront \u00eatre exploit\u00e9s et vendus \u00e0 prix \u00e9lev\u00e9 pour l\u2019\u00e9b\u00e9nisterie fine. Les arbres repr\u00e9sentent aussi une diversification des revenus des agriculteurs, qui re\u00e7oivent un paiement pour la capture de carbone.<br><br>\n\nLa volont\u00e9 de reconversion au caf\u00e9 s\u2019inscrit dans un contexte difficile, o\u00f9 le prix de march\u00e9 du ma\u00efs ne permet plus de couvrir les co\u00fbts de production. Les agriculteurs de la zone veulent donc actuellement garder une partie de terres en milpa pour leur autoconsommation, et une autre partie pour la production de caf\u00e9 d\u2019ombrage. Le syst\u00e8me Taungya permet de r\u00e9aliser cette transition tout en gardant la terre productive, augmentant la biodiversit\u00e9 et la qualit\u00e9 du sol des parcelles.<br><br><\/h2>\t\t<\/div>\n\t\t\t\t<\/div>\n\t\t\t\t<div class=\"elementor-element elementor-element-18427a61 elementor-widget elementor-widget-heading\" data-id=\"18427a61\" data-element_type=\"widget\" data-widget_type=\"heading.default\">\n\t\t\t\t<div class=\"elementor-widget-container\">\n\t\t\t<h2 class=\"elementor-heading-title elementor-size-default\">Lien avec Les Agro\u2019nautes<\/h2>\t\t<\/div>\n\t\t\t\t<\/div>\n\t\t\t\t<div class=\"elementor-element elementor-element-37e3861f elementor-widget elementor-widget-heading\" data-id=\"37e3861f\" data-element_type=\"widget\" data-widget_type=\"heading.default\">\n\t\t\t\t<div class=\"elementor-widget-container\">\n\t\t\t<h2 class=\"elementor-heading-title elementor-size-default\">L\u2019engagement des producteurs dans le projet de reforestation repr\u00e9sente un exemple concret d\u2019effort vers la transition agro\u00e9cologique. Plut\u00f4t que de continuer \u00e0 \u00e9puiser un sol peu fertile, l\u2019agroforesterie permet ici la restauration des terres, tout en la maintenant productive. Il y bien une am\u00e9lioration de l\u2019agrosyst\u00e8me gr\u00e2ce \u00e0 l\u2019imitation de processus naturels, puisque la pr\u00e9sence des arbres redonne \u00e0 la terre sa capacit\u00e9 de produire (r\u00e9tention des sols, humidit\u00e9, nutriments) en limitant la quantit\u00e9 d\u2019intrants.<br><br>\n\nA l\u2019issu de ce projet sera r\u00e9dig\u00e9 un article scientifique d\u00e9crivant les caract\u00e9ristiques du syst\u00e8me de mani\u00e8re d\u00e9taill\u00e9e (plan des producteurs dans le futur, \u00e9volution de la quantit\u00e9 de carbone stock\u00e9e au cours des ann\u00e9es, \u00e9volution de la taille, du diam\u00e8tre, et de la diversit\u00e9 des arbres dans les parcelles, projection de rentabilit\u00e9 \u00e9conomique du syst\u00e8me prenant en compte les paiements pour services environnementaux, les ventes de bois d\u2019\u0153uvre, les rendements des cultures).<br><br>\n\nD\u2019autre part, un reportage contenant des entretiens avec diff\u00e9rents producteurs, des personnes travaillant dans l\u2019ONG AMBIO, et des chercheurs d\u2019ECOSUR sera disponible. Il permettra la compr\u00e9hension des enjeux auxquels r\u00e9pondent ces syst\u00e8mes agroforestiers dans le Sud-Est du Mexique, et une description de leur fonctionnement.<\/h2>\t\t<\/div>\n\t\t\t\t<\/div>\n\t\t\t\t\t<\/div>\n\t\t<\/div>\n\t\t\t\t<div class=\"elementor-column elementor-col-33 elementor-top-column elementor-element elementor-element-4a50d1bb\" data-id=\"4a50d1bb\" data-element_type=\"column\">\n\t\t\t<div class=\"elementor-widget-wrap\">\n\t\t\t\t\t\t\t<\/div>\n\t\t<\/div>\n\t\t\t\t<div class=\"elementor-column elementor-col-33 elementor-top-column elementor-element elementor-element-7c9e98a0\" data-id=\"7c9e98a0\" data-element_type=\"column\">\n\t\t\t<div class=\"elementor-widget-wrap\">\n\t\t\t\t\t\t\t<\/div>\n\t\t<\/div>\n\t\t\t\t\t<\/div>\n\t\t<\/section>\n\t\t\t\t<\/div>\n\t\t","protected":false},"excerpt":{"rendered":"<p>\u00e9TUDE DE SYST\u00c8MES AGROFORESTIERS AU MEXIQUE Projet men\u00e9 par Martin Laurenceau Septembre \u00e0 d\u00e9cembre 2015 Sur le th\u00e8me de l&rsquo;agroforesterie au Mexique, dans la r\u00e9gion de Chiapas Contexte : un projet au service de l&rsquo;agriculture durable Dans la r\u00e9serve naturelle la Frailescana (Sierra Madre du Chiapas, Mexico), la pression pour l\u2019acc\u00e8s \u00e0 la terre et &hellip; <\/p>\n<p class=\"link-more\"><a href=\"https:\/\/www.lesagronautes.org\/index.php\/etude-de-systemes-agroforestiers-au-mexique\/\" class=\"more-link\">Continuer la lecture<span class=\"screen-reader-text\"> de &laquo;&nbsp;\u00c9tude de syst\u00e8mes agroforestiers au Mexique&nbsp;&raquo;<\/span><\/a><\/p>\n","protected":false},"author":1,"featured_media":0,"parent":0,"menu_order":0,"comment_status":"closed","ping_status":"closed","template":"","meta":{"footnotes":""},"_links":{"self":[{"href":"https:\/\/www.lesagronautes.org\/index.php\/wp-json\/wp\/v2\/pages\/2612"}],"collection":[{"href":"https:\/\/www.lesagronautes.org\/index.php\/wp-json\/wp\/v2\/pages"}],"about":[{"href":"https:\/\/www.lesagronautes.org\/index.php\/wp-json\/wp\/v2\/types\/page"}],"author":[{"embeddable":true,"href":"https:\/\/www.lesagronautes.org\/index.php\/wp-json\/wp\/v2\/users\/1"}],"replies":[{"embeddable":true,"href":"https:\/\/www.lesagronautes.org\/index.php\/wp-json\/wp\/v2\/comments?post=2612"}],"version-history":[{"count":4,"href":"https:\/\/www.lesagronautes.org\/index.php\/wp-json\/wp\/v2\/pages\/2612\/revisions"}],"predecessor-version":[{"id":3262,"href":"https:\/\/www.lesagronautes.org\/index.php\/wp-json\/wp\/v2\/pages\/2612\/revisions\/3262"}],"wp:attachment":[{"href":"https:\/\/www.lesagronautes.org\/index.php\/wp-json\/wp\/v2\/media?parent=2612"}],"curies":[{"name":"wp","href":"https:\/\/api.w.org\/{rel}","templated":true}]}}